{"id":427,"date":"2024-01-23T11:20:26","date_gmt":"2024-01-23T10:20:26","guid":{"rendered":"https:\/\/montsemilian.com\/contacte\/"},"modified":"2026-05-03T11:04:00","modified_gmt":"2026-05-03T09:04:00","slug":"contacte","status":"publish","type":"page","link":"https:\/\/montsemilian.com\/ca\/contacte\/","title":{"rendered":"Contacte"},"content":{"rendered":"\t\t<div data-elementor-type=\"wp-page\" data-elementor-id=\"427\" class=\"elementor elementor-427 elementor-185\" data-elementor-post-type=\"page\">\n\t\t\t\t<div class=\"elementor-element elementor-element-04d265b e-flex e-con-boxed e-con e-parent\" data-id=\"04d265b\" data-element_type=\"container\">\n\t\t\t\t\t<div class=\"e-con-inner\">\n\t\t\t\t<div class=\"elementor-element elementor-element-fb9f785 elementor-widget elementor-widget-heading\" data-id=\"fb9f785\" data-element_type=\"widget\" data-widget_type=\"heading.default\">\n\t\t\t\t<div class=\"elementor-widget-container\">\n\t\t\t\t\t<h1 class=\"elementor-heading-title elementor-size-default\">CONTACTE<\/h1>\t\t\t\t<\/div>\n\t\t\t\t<\/div>\n\t\t\t\t\t<\/div>\n\t\t\t\t<\/div>\n\t\t<div class=\"elementor-element elementor-element-b7b55c4 e-flex e-con-boxed e-con e-parent\" data-id=\"b7b55c4\" data-element_type=\"container\">\n\t\t\t\t\t<div class=\"e-con-inner\">\n\t\t<div class=\"elementor-element elementor-element-96763c9 e-flex e-con-boxed e-con e-child\" data-id=\"96763c9\" data-element_type=\"container\">\n\t\t\t\t\t<div class=\"e-con-inner\">\n\t\t<div class=\"elementor-element elementor-element-6964529 e-con-full e-flex e-con e-child\" data-id=\"6964529\" data-element_type=\"container\">\n\t\t\t\t<div class=\"elementor-element elementor-element-bae10a8 elementor-widget elementor-widget-text-editor\" data-id=\"bae10a8\" data-element_type=\"widget\" data-widget_type=\"text-editor.default\">\n\t\t\t\t<div class=\"elementor-widget-container\">\n\t\t\t\t\t\t\t\t\t<p>EXPLICA&#8217;M EL TEU CAS<\/p>\n\t\t\t\t\t\t\t\t<\/div>\n\t\t\t\t<\/div>\n\t\t\t\t<div class=\"elementor-element elementor-element-99fa549 elementor-widget elementor-widget-text-editor\" data-id=\"99fa549\" data-element_type=\"widget\" data-widget_type=\"text-editor.default\">\n\t\t\t\t<div class=\"elementor-widget-container\">\n\t\t\t\t\t\t\t\t\t<p>Estar\u00e9 encantada de con\u00e8ixer-te i ajudar-te.<\/p>\n\t\t\t\t\t\t\t\t<\/div>\n\t\t\t\t<\/div>\n\t\t\t\t<div class=\"elementor-element elementor-element-afbf7b5 elementor-icon-list--layout-traditional elementor-list-item-link-full_width elementor-widget elementor-widget-icon-list\" data-id=\"afbf7b5\" data-element_type=\"widget\" data-widget_type=\"icon-list.default\">\n\t\t\t\t<div class=\"elementor-widget-container\">\n\t\t\t\t\t\t\t<ul class=\"elementor-icon-list-items\">\n\t\t\t\t\t\t\t<li class=\"elementor-icon-list-item\">\n\t\t\t\t\t\t\t\t\t\t\t<a href=\"tel:645136997\">\n\n\t\t\t\t\t\t\t\t\t\t\t\t<span class=\"elementor-icon-list-icon\">\n\t\t\t\t\t\t\t<i aria-hidden=\"true\" class=\"fas fa-phone-alt\"><\/i>\t\t\t\t\t\t<\/span>\n\t\t\t\t\t\t\t\t\t\t<span class=\"elementor-icon-list-text\">645136997<\/span>\n\t\t\t\t\t\t\t\t\t\t\t<\/a>\n\t\t\t\t\t\t\t\t\t<\/li>\n\t\t\t\t\t\t\t\t<li class=\"elementor-icon-list-item\">\n\t\t\t\t\t\t\t\t\t\t\t<a href=\"mailto:fengshui@montsemilian.com%20\">\n\n\t\t\t\t\t\t\t\t\t\t\t\t<span class=\"elementor-icon-list-icon\">\n\t\t\t\t\t\t\t<i aria-hidden=\"true\" class=\"fas fa-envelope-open-text\"><\/i>\t\t\t\t\t\t<\/span>\n\t\t\t\t\t\t\t\t\t\t<span class=\"elementor-icon-list-text\">fengshui@montsemilian.com <\/span>\n\t\t\t\t\t\t\t\t\t\t\t<\/a>\n\t\t\t\t\t\t\t\t\t<\/li>\n\t\t\t\t\t\t<\/ul>\n\t\t\t\t\t\t<\/div>\n\t\t\t\t<\/div>\n\t\t\t\t<div class=\"elementor-element elementor-element-1e6f55c elementor-widget elementor-widget-google_maps\" data-id=\"1e6f55c\" data-element_type=\"widget\" data-widget_type=\"google_maps.default\">\n\t\t\t\t<div class=\"elementor-widget-container\">\n\t\t\t\t\t\t\t<div class=\"elementor-custom-embed\">\n\t\t\t<iframe loading=\"lazy\"\n\t\t\t\t\tsrc=\"https:\/\/maps.google.com\/maps?q=Merce%2030%2C%20Pl%C3%A0%20de%20Santa%20Maria&#038;t=m&#038;z=15&#038;output=embed&#038;iwloc=near\"\n\t\t\t\t\ttitle=\"Merce 30, Pl\u00e0 de Santa Maria\"\n\t\t\t\t\taria-label=\"Merce 30, Pl\u00e0 de Santa Maria\"\n\t\t\t><\/iframe>\n\t\t<\/div>\n\t\t\t\t\t\t<\/div>\n\t\t\t\t<\/div>\n\t\t\t\t<\/div>\n\t\t<div class=\"elementor-element elementor-element-16f9966 e-con-full e-flex e-con e-child\" data-id=\"16f9966\" data-element_type=\"container\">\n\t\t\t\t<div class=\"elementor-element elementor-element-f42ee60 elementor-widget elementor-widget-text-editor\" data-id=\"f42ee60\" data-element_type=\"widget\" data-widget_type=\"text-editor.default\">\n\t\t\t\t<div class=\"elementor-widget-container\">\n\t\t\t\t\t\t\t\t\t<p>Escriu-me per a m\u00e9s informaci\u00f3<\/p>\n\t\t\t\t\t\t\t\t<\/div>\n\t\t\t\t<\/div>\n\t\t\t\t<div class=\"elementor-element elementor-element-210c93f elementor-button-align-stretch elementor-widget elementor-widget-form\" data-id=\"210c93f\" data-element_type=\"widget\" data-settings=\"{&quot;step_next_label&quot;:&quot;Seg\\u00fcent&quot;,&quot;step_previous_label&quot;:&quot;Anterior&quot;,&quot;button_width&quot;:&quot;100&quot;,&quot;step_type&quot;:&quot;number_text&quot;,&quot;step_icon_shape&quot;:&quot;circle&quot;}\" data-widget_type=\"form.default\">\n\t\t\t\t<div class=\"elementor-widget-container\">\n\t\t\t\t\t\t\t<form class=\"elementor-form\" method=\"post\" name=\"Nou formulari\">\n\t\t\t<input type=\"hidden\" name=\"post_id\" value=\"427\"\/>\n\t\t\t<input type=\"hidden\" name=\"form_id\" value=\"210c93f\"\/>\n\t\t\t<input type=\"hidden\" name=\"referer_title\" value=\"Montse Millian &#8211; Bienestar personal\" \/>\n\n\t\t\t\n\t\t\t<div class=\"elementor-form-fields-wrapper elementor-labels-\">\n\t\t\t\t\t\t\t\t<div class=\"elementor-field-type-text elementor-field-group elementor-column elementor-field-group-name elementor-col-100\">\n\t\t\t\t\t\t\t\t\t\t\t\t<label for=\"form-field-name\" class=\"elementor-field-label elementor-screen-only\">\n\t\t\t\t\t\t\t\tNom\t\t\t\t\t\t\t<\/label>\n\t\t\t\t\t\t\t\t\t\t\t\t\t\t<input size=\"1\" type=\"text\" name=\"form_fields[name]\" id=\"form-field-name\" class=\"elementor-field elementor-size-sm  elementor-field-textual\" placeholder=\"Nom\">\n\t\t\t\t\t\t\t\t\t\t\t<\/div>\n\t\t\t\t\t\t\t\t<div class=\"elementor-field-type-email elementor-field-group elementor-column elementor-field-group-email elementor-col-100 elementor-field-required\">\n\t\t\t\t\t\t\t\t\t\t\t\t<label for=\"form-field-email\" class=\"elementor-field-label elementor-screen-only\">\n\t\t\t\t\t\t\t\tCorreu electr\u00f2nic\t\t\t\t\t\t\t<\/label>\n\t\t\t\t\t\t\t\t\t\t\t\t\t\t<input size=\"1\" type=\"email\" name=\"form_fields[email]\" id=\"form-field-email\" class=\"elementor-field elementor-size-sm  elementor-field-textual\" placeholder=\"Correu electr\u00f2nic\" required=\"required\">\n\t\t\t\t\t\t\t\t\t\t\t<\/div>\n\t\t\t\t\t\t\t\t<div class=\"elementor-field-type-text elementor-field-group elementor-column elementor-field-group-field_ff14c7e elementor-col-100\">\n\t\t\t\t\t\t\t\t\t\t\t\t<label for=\"form-field-field_ff14c7e\" class=\"elementor-field-label elementor-screen-only\">\n\t\t\t\t\t\t\t\tTel\u00e8fon\t\t\t\t\t\t\t<\/label>\n\t\t\t\t\t\t\t\t\t\t\t\t\t\t<input size=\"1\" type=\"text\" name=\"form_fields[field_ff14c7e]\" id=\"form-field-field_ff14c7e\" class=\"elementor-field elementor-size-sm  elementor-field-textual\" placeholder=\"Tel\u00e8fon\">\n\t\t\t\t\t\t\t\t\t\t\t<\/div>\n\t\t\t\t\t\t\t\t<div class=\"elementor-field-type-textarea elementor-field-group elementor-column elementor-field-group-message elementor-col-100\">\n\t\t\t\t\t\t\t\t\t\t\t\t<label for=\"form-field-message\" class=\"elementor-field-label elementor-screen-only\">\n\t\t\t\t\t\t\t\tMissatge\t\t\t\t\t\t\t<\/label>\n\t\t\t\t\t\t<textarea class=\"elementor-field-textual elementor-field  elementor-size-sm\" name=\"form_fields[message]\" id=\"form-field-message\" rows=\"4\" placeholder=\"Missatge\"><\/textarea>\t\t\t\t<\/div>\n\t\t\t\t\t\t\t\t<div class=\"elementor-field-type-text\">\n\t\t\t\t\t<input size=\"1\" type=\"text\" name=\"form_fields[field_9b63aef]\" id=\"form-field-field_9b63aef\" class=\"elementor-field elementor-size-sm \" style=\"display:none !important;\">\t\t\t\t<\/div>\n\t\t\t\t\t\t\t\t<div class=\"elementor-field-type-hidden elementor-field-group elementor-column elementor-field-group-field_d3cfd04 elementor-col-100\">\n\t\t\t\t\t\t\t\t\t\t\t\t\t<input size=\"1\" type=\"hidden\" name=\"form_fields[field_d3cfd04]\" id=\"form-field-field_d3cfd04\" class=\"elementor-field elementor-size-sm  elementor-field-textual\">\n\t\t\t\t\t\t\t\t\t\t\t<\/div>\n\t\t\t\t\t\t\t\t<div class=\"elementor-field-group elementor-column elementor-field-type-submit elementor-col-100 e-form__buttons\">\n\t\t\t\t\t<button class=\"elementor-button elementor-size-sm\" type=\"submit\">\n\t\t\t\t\t\t<span class=\"elementor-button-content-wrapper\">\n\t\t\t\t\t\t\t\t\t\t\t\t\t\t\t\t\t\t\t\t\t\t<span class=\"elementor-button-text\">Enviar<\/span>\n\t\t\t\t\t\t\t\t\t\t\t\t\t<\/span>\n\t\t\t\t\t<\/button>\n\t\t\t\t<\/div>\n\t\t\t<\/div>\n\t\t<\/form>\n\t\t\t\t\t\t<\/div>\n\t\t\t\t<\/div>\n\t\t\t\t<\/div>\n\t\t\t\t\t<\/div>\n\t\t\t\t<\/div>\n\t\t\t\t\t<\/div>\n\t\t\t\t<\/div>\n\t\t<div class=\"elementor-element elementor-element-2bbae72 e-flex e-con-boxed e-con e-parent\" data-id=\"2bbae72\" data-element_type=\"container\">\n\t\t\t\t\t<div class=\"e-con-inner\">\n\t\t\t\t\t<\/div>\n\t\t\t\t<\/div>\n\t\t<div class=\"elementor-element elementor-element-ee7fe1e e-flex e-con-boxed e-con e-parent\" data-id=\"ee7fe1e\" data-element_type=\"container\">\n\t\t\t\t\t<div class=\"e-con-inner\">\n\t\t\t\t<div class=\"elementor-element elementor-element-656df37 elementor-widget elementor-widget-text-editor\" data-id=\"656df37\" data-element_type=\"widget\" data-widget_type=\"text-editor.default\">\n\t\t\t\t<div class=\"elementor-widget-container\">\n\t\t\t\t\t\t\t\t\t<p>PROGRAMA KIT DIGITAL COFINAN\u00c7AT PELS FONS NEXT GENERATION EU DEL MECANISME DE RECUPERACI\u00d3 I RESILI\u00c8NCIA<\/p>\n\t\t\t\t\t\t\t\t<\/div>\n\t\t\t\t<\/div>\n\t\t\t\t\t<\/div>\n\t\t\t\t<\/div>\n\t\t<div class=\"elementor-element elementor-element-b6b077c e-flex e-con-boxed e-con e-parent\" data-id=\"b6b077c\" data-element_type=\"container\">\n\t\t\t\t\t<div class=\"e-con-inner\">\n\t\t<div class=\"elementor-element elementor-element-97f32c8 e-con-full e-flex e-con e-child\" data-id=\"97f32c8\" data-element_type=\"container\">\n\t\t\t\t<div class=\"elementor-element elementor-element-d6d1843 elementor-widget elementor-widget-image\" data-id=\"d6d1843\" data-element_type=\"widget\" data-widget_type=\"image.default\">\n\t\t\t\t<div class=\"elementor-widget-container\">\n\t\t\t\t\t\t\t\t\t\t\t\t\t\t\t<img fetchpriority=\"high\" decoding=\"async\" width=\"483\" height=\"104\" src=\"https:\/\/montsemilian.com\/wp-content\/uploads\/2024\/01\/descarga-2.webp\" class=\"attachment-large size-large wp-image-426\" alt=\"\" srcset=\"https:\/\/montsemilian.com\/wp-content\/uploads\/2024\/01\/descarga-2.webp 483w, https:\/\/montsemilian.com\/wp-content\/uploads\/2024\/01\/descarga-2-300x65.webp 300w\" sizes=\"(max-width: 483px) 100vw, 483px\" \/>\t\t\t\t\t\t\t\t\t\t\t\t\t\t\t<\/div>\n\t\t\t\t<\/div>\n\t\t\t\t<\/div>\n\t\t<div class=\"elementor-element elementor-element-8a53875 e-con-full e-flex e-con e-child\" data-id=\"8a53875\" data-element_type=\"container\">\n\t\t\t\t<div class=\"elementor-element elementor-element-c94f238 elementor-widget elementor-widget-image\" data-id=\"c94f238\" data-element_type=\"widget\" data-widget_type=\"image.default\">\n\t\t\t\t<div class=\"elementor-widget-container\">\n\t\t\t\t\t\t\t\t\t\t\t\t\t\t\t<img decoding=\"async\" width=\"300\" height=\"168\" src=\"https:\/\/montsemilian.com\/wp-content\/uploads\/2024\/01\/descarga-1.webp\" class=\"attachment-large size-large wp-image-425\" alt=\"\" \/>\t\t\t\t\t\t\t\t\t\t\t\t\t\t\t<\/div>\n\t\t\t\t<\/div>\n\t\t\t\t<\/div>\n\t\t<div class=\"elementor-element elementor-element-da9d938 e-con-full e-flex e-con e-child\" data-id=\"da9d938\" data-element_type=\"container\">\n\t\t\t\t<div class=\"elementor-element elementor-element-742f870 elementor-widget elementor-widget-text-editor\" data-id=\"742f870\" data-element_type=\"widget\" data-widget_type=\"text-editor.default\">\n\t\t\t\t<div class=\"elementor-widget-container\">\n\t\t\t\t\t\t\t\t\t<p>Finan\u00e7at per la Uni\u00f3 Europea \u2013<\/p>\n<p>NextgenerationEU<\/p>\n\t\t\t\t\t\t\t\t<\/div>\n\t\t\t\t<\/div>\n\t\t\t\t<\/div>\n\t\t\t\t\t<\/div>\n\t\t\t\t<\/div>\n\t\t\t\t<\/div>\n\t\t","protected":false},"excerpt":{"rendered":"<p>CONTACTE EXPLICA&#8217;M EL TEU CAS Estar\u00e9 encantada de con\u00e8ixer-te i ajudar-te. 645136997 fengshui@montsemilian.com Escriu-me per a m\u00e9s informaci\u00f3 PROGRAMA KIT DIGITAL COFINAN\u00c7AT PELS FONS NEXT GENERATION EU DEL MECANISME DE RECUPERACI\u00d3 I RESILI\u00c8NCIA Finan\u00e7at per la Uni\u00f3 Europea \u2013 NextgenerationEU<\/p>\n","protected":false},"author":1,"featured_media":0,"parent":0,"menu_order":0,"comment_status":"closed","ping_status":"closed","template":"","meta":{"footnotes":""},"class_list":["post-427","page","type-page","status-publish","hentry"],"yoast_head":"<!-- This site is optimized with the Yoast SEO plugin v24.7 - https:\/\/yoast.com\/wordpress\/plugins\/seo\/ -->\n<title>Contacte - Montse Millian - Bienestar personal<\/title>\n<meta name=\"robots\" content=\"index, follow, max-snippet:-1, max-image-preview:large, max-video-preview:-1\" \/>\n<link rel=\"canonical\" href=\"https:\/\/montsemilian.com\/contacto\/\" \/>\n<meta property=\"og:locale\" content=\"ca_ES\" \/>\n<meta property=\"og:type\" content=\"article\" \/>\n<meta property=\"og:title\" content=\"Contacte - Montse Millian - Bienestar personal\" \/>\n<meta property=\"og:description\" content=\"CONTACTE EXPLICA&#8217;M EL TEU CAS Estar\u00e9 encantada de con\u00e8ixer-te i ajudar-te. 645136997 fengshui@montsemilian.com Escriu-me per a m\u00e9s informaci\u00f3 PROGRAMA KIT DIGITAL COFINAN\u00c7AT PELS FONS NEXT GENERATION EU DEL MECANISME DE RECUPERACI\u00d3 I RESILI\u00c8NCIA Finan\u00e7at per la Uni\u00f3 Europea \u2013 NextgenerationEU\" \/>\n<meta property=\"og:url\" content=\"https:\/\/montsemilian.com\/contacto\/\" \/>\n<meta property=\"og:site_name\" content=\"Montse Millian - Bienestar personal\" \/>\n<meta property=\"article:modified_time\" content=\"2026-05-03T09:04:00+00:00\" \/>\n<meta property=\"og:image\" content=\"https:\/\/montsemilian.com\/wp-content\/uploads\/2024\/01\/descarga-2.webp\" \/>\n\t<meta property=\"og:image:width\" content=\"483\" \/>\n\t<meta property=\"og:image:height\" content=\"104\" \/>\n\t<meta property=\"og:image:type\" content=\"image\/webp\" \/>\n<meta name=\"twitter:card\" content=\"summary_large_image\" \/>\n<meta name=\"twitter:label1\" content=\"Temps estimat de lectura\" \/>\n\t<meta name=\"twitter:data1\" content=\"1 minut\" \/>\n<script type=\"application\/ld+json\" class=\"yoast-schema-graph\">{\"@context\":\"https:\/\/schema.org\",\"@graph\":[{\"@type\":\"WebPage\",\"@id\":\"https:\/\/montsemilian.com\/contacto\/\",\"url\":\"https:\/\/montsemilian.com\/contacto\/\",\"name\":\"Contacte - Montse Millian - Bienestar personal\",\"isPartOf\":{\"@id\":\"https:\/\/montsemilian.com\/ca\/#website\"},\"primaryImageOfPage\":{\"@id\":\"https:\/\/montsemilian.com\/contacto\/#primaryimage\"},\"image\":{\"@id\":\"https:\/\/montsemilian.com\/contacto\/#primaryimage\"},\"thumbnailUrl\":\"http:\/\/montsemilian.com\/wp-content\/uploads\/2024\/01\/descarga-2.webp\",\"datePublished\":\"2024-01-23T10:20:26+00:00\",\"dateModified\":\"2026-05-03T09:04:00+00:00\",\"breadcrumb\":{\"@id\":\"https:\/\/montsemilian.com\/contacto\/#breadcrumb\"},\"inLanguage\":\"ca\",\"potentialAction\":[{\"@type\":\"ReadAction\",\"target\":[\"https:\/\/montsemilian.com\/contacto\/\"]}]},{\"@type\":\"ImageObject\",\"inLanguage\":\"ca\",\"@id\":\"https:\/\/montsemilian.com\/contacto\/#primaryimage\",\"url\":\"http:\/\/montsemilian.com\/wp-content\/uploads\/2024\/01\/descarga-2.webp\",\"contentUrl\":\"http:\/\/montsemilian.com\/wp-content\/uploads\/2024\/01\/descarga-2.webp\"},{\"@type\":\"BreadcrumbList\",\"@id\":\"https:\/\/montsemilian.com\/contacto\/#breadcrumb\",\"itemListElement\":[{\"@type\":\"ListItem\",\"position\":1,\"name\":\"Portada\",\"item\":\"https:\/\/montsemilian.com\/ca\/\"},{\"@type\":\"ListItem\",\"position\":2,\"name\":\"Contacte\"}]},{\"@type\":\"WebSite\",\"@id\":\"https:\/\/montsemilian.com\/ca\/#website\",\"url\":\"https:\/\/montsemilian.com\/ca\/\",\"name\":\"Montse Millian - Feng shui y 4 pilares para el bienestar\",\"description\":\"Ayudo a l Bienestar con Feng Shui, Astrolog\u00eda y Coaching\",\"publisher\":{\"@id\":\"https:\/\/montsemilian.com\/ca\/#organization\"},\"potentialAction\":[{\"@type\":\"SearchAction\",\"target\":{\"@type\":\"EntryPoint\",\"urlTemplate\":\"https:\/\/montsemilian.com\/ca\/?s={search_term_string}\"},\"query-input\":{\"@type\":\"PropertyValueSpecification\",\"valueRequired\":true,\"valueName\":\"search_term_string\"}}],\"inLanguage\":\"ca\"},{\"@type\":\"Organization\",\"@id\":\"https:\/\/montsemilian.com\/ca\/#organization\",\"name\":\"Montse Millian - Feng Shui i Crecimiento personal\",\"url\":\"https:\/\/montsemilian.com\/ca\/\",\"logo\":{\"@type\":\"ImageObject\",\"inLanguage\":\"ca\",\"@id\":\"https:\/\/montsemilian.com\/ca\/#\/schema\/logo\/image\/\",\"url\":\"https:\/\/montsemilian.com\/wp-content\/uploads\/2023\/10\/logo-montse-millian.jpg\",\"contentUrl\":\"https:\/\/montsemilian.com\/wp-content\/uploads\/2023\/10\/logo-montse-millian.jpg\",\"width\":600,\"height\":198,\"caption\":\"Montse Millian - Feng Shui i Crecimiento personal\"},\"image\":{\"@id\":\"https:\/\/montsemilian.com\/ca\/#\/schema\/logo\/image\/\"}}]}<\/script>\n<!-- \/ Yoast SEO plugin. -->","yoast_head_json":{"title":"Contacte - Montse Millian - Bienestar personal","robots":{"index":"index","follow":"follow","max-snippet":"max-snippet:-1","max-image-preview":"max-image-preview:large","max-video-preview":"max-video-preview:-1"},"canonical":"https:\/\/montsemilian.com\/contacto\/","og_locale":"ca_ES","og_type":"article","og_title":"Contacte - Montse Millian - Bienestar personal","og_description":"CONTACTE EXPLICA&#8217;M EL TEU CAS Estar\u00e9 encantada de con\u00e8ixer-te i ajudar-te. 645136997 fengshui@montsemilian.com Escriu-me per a m\u00e9s informaci\u00f3 PROGRAMA KIT DIGITAL COFINAN\u00c7AT PELS FONS NEXT GENERATION EU DEL MECANISME DE RECUPERACI\u00d3 I RESILI\u00c8NCIA Finan\u00e7at per la Uni\u00f3 Europea \u2013 NextgenerationEU","og_url":"https:\/\/montsemilian.com\/contacto\/","og_site_name":"Montse Millian - Bienestar personal","article_modified_time":"2026-05-03T09:04:00+00:00","og_image":[{"width":483,"height":104,"url":"https:\/\/montsemilian.com\/wp-content\/uploads\/2024\/01\/descarga-2.webp","type":"image\/webp"}],"twitter_card":"summary_large_image","twitter_misc":{"Temps estimat de lectura":"1 minut"},"schema":{"@context":"https:\/\/schema.org","@graph":[{"@type":"WebPage","@id":"https:\/\/montsemilian.com\/contacto\/","url":"https:\/\/montsemilian.com\/contacto\/","name":"Contacte - Montse Millian - Bienestar personal","isPartOf":{"@id":"https:\/\/montsemilian.com\/ca\/#website"},"primaryImageOfPage":{"@id":"https:\/\/montsemilian.com\/contacto\/#primaryimage"},"image":{"@id":"https:\/\/montsemilian.com\/contacto\/#primaryimage"},"thumbnailUrl":"http:\/\/montsemilian.com\/wp-content\/uploads\/2024\/01\/descarga-2.webp","datePublished":"2024-01-23T10:20:26+00:00","dateModified":"2026-05-03T09:04:00+00:00","breadcrumb":{"@id":"https:\/\/montsemilian.com\/contacto\/#breadcrumb"},"inLanguage":"ca","potentialAction":[{"@type":"ReadAction","target":["https:\/\/montsemilian.com\/contacto\/"]}]},{"@type":"ImageObject","inLanguage":"ca","@id":"https:\/\/montsemilian.com\/contacto\/#primaryimage","url":"http:\/\/montsemilian.com\/wp-content\/uploads\/2024\/01\/descarga-2.webp","contentUrl":"http:\/\/montsemilian.com\/wp-content\/uploads\/2024\/01\/descarga-2.webp"},{"@type":"BreadcrumbList","@id":"https:\/\/montsemilian.com\/contacto\/#breadcrumb","itemListElement":[{"@type":"ListItem","position":1,"name":"Portada","item":"https:\/\/montsemilian.com\/ca\/"},{"@type":"ListItem","position":2,"name":"Contacte"}]},{"@type":"WebSite","@id":"https:\/\/montsemilian.com\/ca\/#website","url":"https:\/\/montsemilian.com\/ca\/","name":"Montse Millian - Feng shui y 4 pilares para el bienestar","description":"Ayudo a l Bienestar con Feng Shui, Astrolog\u00eda y Coaching","publisher":{"@id":"https:\/\/montsemilian.com\/ca\/#organization"},"potentialAction":[{"@type":"SearchAction","target":{"@type":"EntryPoint","urlTemplate":"https:\/\/montsemilian.com\/ca\/?s={search_term_string}"},"query-input":{"@type":"PropertyValueSpecification","valueRequired":true,"valueName":"search_term_string"}}],"inLanguage":"ca"},{"@type":"Organization","@id":"https:\/\/montsemilian.com\/ca\/#organization","name":"Montse Millian - Feng Shui i Crecimiento personal","url":"https:\/\/montsemilian.com\/ca\/","logo":{"@type":"ImageObject","inLanguage":"ca","@id":"https:\/\/montsemilian.com\/ca\/#\/schema\/logo\/image\/","url":"https:\/\/montsemilian.com\/wp-content\/uploads\/2023\/10\/logo-montse-millian.jpg","contentUrl":"https:\/\/montsemilian.com\/wp-content\/uploads\/2023\/10\/logo-montse-millian.jpg","width":600,"height":198,"caption":"Montse Millian - Feng Shui i Crecimiento personal"},"image":{"@id":"https:\/\/montsemilian.com\/ca\/#\/schema\/logo\/image\/"}}]}},"_links":{"self":[{"href":"https:\/\/montsemilian.com\/ca\/wp-json\/wp\/v2\/pages\/427","targetHints":{"allow":["GET"]}}],"collection":[{"href":"https:\/\/montsemilian.com\/ca\/wp-json\/wp\/v2\/pages"}],"about":[{"href":"https:\/\/montsemilian.com\/ca\/wp-json\/wp\/v2\/types\/page"}],"author":[{"embeddable":true,"href":"https:\/\/montsemilian.com\/ca\/wp-json\/wp\/v2\/users\/1"}],"replies":[{"embeddable":true,"href":"https:\/\/montsemilian.com\/ca\/wp-json\/wp\/v2\/comments?post=427"}],"version-history":[{"count":9,"href":"https:\/\/montsemilian.com\/ca\/wp-json\/wp\/v2\/pages\/427\/revisions"}],"predecessor-version":[{"id":2491,"href":"https:\/\/montsemilian.com\/ca\/wp-json\/wp\/v2\/pages\/427\/revisions\/2491"}],"wp:attachment":[{"href":"https:\/\/montsemilian.com\/ca\/wp-json\/wp\/v2\/media?parent=427"}],"curies":[{"name":"wp","href":"https:\/\/api.w.org\/{rel}","templated":true}]}}