{"id":1172,"date":"2024-07-14T16:25:12","date_gmt":"2024-07-14T14:25:12","guid":{"rendered":"https:\/\/montsemilian.com\/newsletters\/"},"modified":"2026-04-09T11:59:18","modified_gmt":"2026-04-09T09:59:18","slug":"newsletters","status":"publish","type":"page","link":"https:\/\/montsemilian.com\/ca\/newsletters\/","title":{"rendered":"Newsletters"},"content":{"rendered":"\t\t<div data-elementor-type=\"wp-page\" data-elementor-id=\"1172\" class=\"elementor elementor-1172 elementor-999\" data-elementor-post-type=\"page\">\n\t\t\t\t<div class=\"elementor-element elementor-element-42ef706 e-flex e-con-boxed e-con e-parent\" data-id=\"42ef706\" data-element_type=\"container\">\n\t\t\t\t\t<div class=\"e-con-inner\">\n\t\t\t\t<div class=\"elementor-element elementor-element-a831735 elementor-widget elementor-widget-text-editor\" data-id=\"a831735\" data-element_type=\"widget\" data-widget_type=\"text-editor.default\">\n\t\t\t\t<div class=\"elementor-widget-container\">\n\t\t\t\t\t\t\t\t\t<h1>CURSOS I TALLERS<\/h1>\t\t\t\t\t\t\t\t<\/div>\n\t\t\t\t<\/div>\n\t\t\t\t\t<\/div>\n\t\t\t\t<\/div>\n\t\t<div class=\"elementor-element elementor-element-5fb5f87 e-flex e-con-boxed e-con e-parent\" data-id=\"5fb5f87\" data-element_type=\"container\">\n\t\t\t\t\t<div class=\"e-con-inner\">\n\t\t<div class=\"elementor-element elementor-element-5fc7a78 e-con-full e-flex e-con e-child\" data-id=\"5fc7a78\" data-element_type=\"container\">\n\t\t\t\t<div class=\"elementor-element elementor-element-2958e85 elementor-widget elementor-widget-text-editor\" data-id=\"2958e85\" data-element_type=\"widget\" data-widget_type=\"text-editor.default\">\n\t\t\t\t<div class=\"elementor-widget-container\">\n\t\t\t\t\t\t\t\t\t<p style=\"font-size: 20px;\">En aquest apartat trobar\u00e0s cursos i tallers adre\u00e7ats a qualsevol persona a qui interessi el Fengshui i l&#8217;Astrologia Xinesa (4 Pilars). Tots ells, amb consells pr\u00e0ctics.<\/p><p style=\"font-size: 20px;\">Tamb\u00e9 ofereixo formaci\u00f3 a nivell professional (clica sobre els t\u00edtols per a m\u00e9s informaci\u00f3):<\/p><p style=\"font-size: 20px;\">\u2013\u00a0<a style=\"color: #983600;\" href=\"https:\/\/montsemilian.com\/ca\/fengshui-classic\/\">Curso profesional de Feng Shui Cl\u00e1sico a distancia.<\/a><\/p><p style=\"font-size: 20px;\">\u2013\u00a0<a style=\"color: #983600;\" href=\"https:\/\/montsemilian.com\/ca\/4-pilars\/\">Curso profesional de 4 Pilares (Astrolog\u00eda China).<\/a><\/p><p style=\"font-size: 20px;\">Inscripci\u00f3 oberta. Places limitades.<\/p>\t\t\t\t\t\t\t\t<\/div>\n\t\t\t\t<\/div>\n\t\t\t\t<\/div>\n\t\t<div class=\"elementor-element elementor-element-c8b6f97 e-con-full e-flex e-con e-child\" data-id=\"c8b6f97\" data-element_type=\"container\">\n\t\t\t\t<div class=\"elementor-element elementor-element-d42abe6 elementor-widget elementor-widget-image\" data-id=\"d42abe6\" data-element_type=\"widget\" data-widget_type=\"image.default\">\n\t\t\t\t<div class=\"elementor-widget-container\">\n\t\t\t\t\t\t\t\t\t\t\t\t\t\t\t<img fetchpriority=\"high\" decoding=\"async\" width=\"800\" height=\"534\" src=\"https:\/\/montsemilian.com\/wp-content\/uploads\/2025\/06\/Presentacio-estudi-1-1024x683.png\" class=\"attachment-large size-large wp-image-2014\" alt=\"\" srcset=\"https:\/\/montsemilian.com\/wp-content\/uploads\/2025\/06\/Presentacio-estudi-1-1024x683.png 1024w, https:\/\/montsemilian.com\/wp-content\/uploads\/2025\/06\/Presentacio-estudi-1-300x200.png 300w, https:\/\/montsemilian.com\/wp-content\/uploads\/2025\/06\/Presentacio-estudi-1-768x512.png 768w, https:\/\/montsemilian.com\/wp-content\/uploads\/2025\/06\/Presentacio-estudi-1.png 1536w\" sizes=\"(max-width: 800px) 100vw, 800px\" \/>\t\t\t\t\t\t\t\t\t\t\t\t\t\t\t<\/div>\n\t\t\t\t<\/div>\n\t\t\t\t<\/div>\n\t\t\t\t\t<\/div>\n\t\t\t\t<\/div>\n\t\t<div class=\"elementor-element elementor-element-c9f776a e-flex e-con-boxed e-con e-parent\" data-id=\"c9f776a\" data-element_type=\"container\">\n\t\t\t\t\t<div class=\"e-con-inner\">\n\t\t<div class=\"elementor-element elementor-element-93304e4 e-con-full e-flex e-con e-child\" data-id=\"93304e4\" data-element_type=\"container\">\n\t\t\t\t<div class=\"elementor-element elementor-element-8aff07a elementor-widget elementor-widget-text-editor\" data-id=\"8aff07a\" data-element_type=\"widget\" data-widget_type=\"text-editor.default\">\n\t\t\t\t<div class=\"elementor-widget-container\">\n\t\t\t\t\t\t\t\t\t<h3><strong>SESSI\u00d3 OBERTA I GRATU\u00cfTA<\/strong><\/h3><p>PARLEM DE FENGSHUI<\/p><p>Divendres 17 d&#8217;abril, 17:00 hores<\/p><p><span style=\"white-space-collapse: preserve;\">Des dels meus canals d&#8217;Instagram (montsemilian) i de YouTube (@montsemilianfengshui).<\/span><\/p>\t\t\t\t\t\t\t\t<\/div>\n\t\t\t\t<\/div>\n\t\t\t\t<\/div>\n\t\t<div class=\"elementor-element elementor-element-9e83410 e-con-full e-flex e-con e-child\" data-id=\"9e83410\" data-element_type=\"container\">\n\t\t\t\t<div class=\"elementor-element elementor-element-a73fdf6 elementor-widget elementor-widget-image\" data-id=\"a73fdf6\" data-element_type=\"widget\" data-widget_type=\"image.default\">\n\t\t\t\t<div class=\"elementor-widget-container\">\n\t\t\t\t\t\t\t\t\t\t\t\t\t\t\t<img decoding=\"async\" width=\"683\" height=\"1024\" src=\"https:\/\/montsemilian.com\/wp-content\/uploads\/2026\/04\/c1492f0b-2308-4703-a51e-e96258a147a5-683x1024.png\" class=\"attachment-large size-large wp-image-2442\" alt=\"\" srcset=\"https:\/\/montsemilian.com\/wp-content\/uploads\/2026\/04\/c1492f0b-2308-4703-a51e-e96258a147a5-683x1024.png 683w, https:\/\/montsemilian.com\/wp-content\/uploads\/2026\/04\/c1492f0b-2308-4703-a51e-e96258a147a5-200x300.png 200w, https:\/\/montsemilian.com\/wp-content\/uploads\/2026\/04\/c1492f0b-2308-4703-a51e-e96258a147a5-768x1152.png 768w, https:\/\/montsemilian.com\/wp-content\/uploads\/2026\/04\/c1492f0b-2308-4703-a51e-e96258a147a5.png 1024w\" sizes=\"(max-width: 683px) 100vw, 683px\" \/>\t\t\t\t\t\t\t\t\t\t\t\t\t\t\t<\/div>\n\t\t\t\t<\/div>\n\t\t\t\t<\/div>\n\t\t\t\t\t<\/div>\n\t\t\t\t<\/div>\n\t\t<div class=\"elementor-element elementor-element-ff0d543 e-flex e-con-boxed e-con e-parent\" data-id=\"ff0d543\" data-element_type=\"container\">\n\t\t\t\t\t<div class=\"e-con-inner\">\n\t\t<div class=\"elementor-element elementor-element-6a0c802 e-con-full e-flex e-con e-child\" data-id=\"6a0c802\" data-element_type=\"container\">\n\t\t\t\t<div class=\"elementor-element elementor-element-98c17fc elementor-widget elementor-widget-text-editor\" data-id=\"98c17fc\" data-element_type=\"widget\" data-widget_type=\"text-editor.default\">\n\t\t\t\t<div class=\"elementor-widget-container\">\n\t\t\t\t\t\t\t\t\t<h3><strong>TALLERS DE FENGSHUI:<\/strong><\/h3>\n<p>Es poden adquirir ja enregistrats:<\/p>\n<p>EL TEU DORMITORI, EL TEU BENESTAR<\/p>\n<p>L&#8217;ANY DEL CAVALL DE FOC<\/p>\n<p>PRESERVAR L&#8217;ENERGIA<\/p>\n<p>NETEJA DE PRIMAVERA<\/p>\n<p>EXTERIORS, ENTRADES I REBEDORS<\/p>\n<h3><strong>TALLER DE MEDITACI\u00d3:<\/strong><\/h3>\n<p>Es pot adquirir ja enregistrat:<\/p>\n<p>EL SOMRIURE INTERIOR<\/p>\n<p><span style=\"text-align: var(--text-align);\">Demana&#8217;m aquests tallers enregistrats mitjan\u00e7ant WhatsApp al (+34) 645 13 69 97, tot indicant ENERGIA\/NETEJA\/EXTERIORS\/SOMRIURE\/CAVALL\/DORMITORI, nom i cognom i correu electr\u00f2nic de contacte.<\/span><\/p>\t\t\t\t\t\t\t\t<\/div>\n\t\t\t\t<\/div>\n\t\t\t\t<\/div>\n\t\t<div class=\"elementor-element elementor-element-df4ce69 e-con-full e-flex e-con e-child\" data-id=\"df4ce69\" data-element_type=\"container\">\n\t\t\t\t<div class=\"elementor-element elementor-element-958268d elementor-widget elementor-widget-image\" data-id=\"958268d\" data-element_type=\"widget\" data-widget_type=\"image.default\">\n\t\t\t\t<div class=\"elementor-widget-container\">\n\t\t\t\t\t\t\t\t\t\t\t\t\t\t\t<img decoding=\"async\" width=\"800\" height=\"450\" src=\"https:\/\/montsemilian.com\/wp-content\/uploads\/2025\/12\/Lectura-documents-3.jpg\" class=\"attachment-large size-large wp-image-2295\" alt=\"\" srcset=\"https:\/\/montsemilian.com\/wp-content\/uploads\/2025\/12\/Lectura-documents-3.jpg 1000w, https:\/\/montsemilian.com\/wp-content\/uploads\/2025\/12\/Lectura-documents-3-300x169.jpg 300w, https:\/\/montsemilian.com\/wp-content\/uploads\/2025\/12\/Lectura-documents-3-768x432.jpg 768w\" sizes=\"(max-width: 800px) 100vw, 800px\" \/>\t\t\t\t\t\t\t\t\t\t\t\t\t\t\t<\/div>\n\t\t\t\t<\/div>\n\t\t\t\t<\/div>\n\t\t\t\t\t<\/div>\n\t\t\t\t<\/div>\n\t\t<div class=\"elementor-element elementor-element-18b4dc7 e-flex e-con-boxed e-con e-parent\" data-id=\"18b4dc7\" data-element_type=\"container\">\n\t\t\t\t\t<div class=\"e-con-inner\">\n\t\t\t\t<div class=\"elementor-element elementor-element-e543cb7 elementor-widget elementor-widget-text-editor\" data-id=\"e543cb7\" data-element_type=\"widget\" data-widget_type=\"text-editor.default\">\n\t\t\t\t<div class=\"elementor-widget-container\">\n\t\t\t\t\t\t\t\t\t<p>JA POTS INSCRIURE-T&#8217;hi O FER LA TEVA COMANDA<\/p>\t\t\t\t\t\t\t\t<\/div>\n\t\t\t\t<\/div>\n\t\t\t\t<div class=\"elementor-element elementor-element-59ec214 elementor-button-align-stretch elementor-widget elementor-widget-form\" data-id=\"59ec214\" data-element_type=\"widget\" data-settings=\"{&quot;step_next_label&quot;:&quot;Seg\\u00fcent&quot;,&quot;step_previous_label&quot;:&quot;Anterior&quot;,&quot;button_width&quot;:&quot;100&quot;,&quot;step_type&quot;:&quot;number_text&quot;,&quot;step_icon_shape&quot;:&quot;circle&quot;}\" data-widget_type=\"form.default\">\n\t\t\t\t<div class=\"elementor-widget-container\">\n\t\t\t\t\t\t\t<form class=\"elementor-form\" method=\"post\" name=\"Nou formulari\">\n\t\t\t<input type=\"hidden\" name=\"post_id\" value=\"1172\"\/>\n\t\t\t<input type=\"hidden\" name=\"form_id\" value=\"59ec214\"\/>\n\t\t\t<input type=\"hidden\" name=\"referer_title\" value=\"Montse Millian &#8211; Bienestar personal\" \/>\n\n\t\t\t\n\t\t\t<div class=\"elementor-form-fields-wrapper elementor-labels-\">\n\t\t\t\t\t\t\t\t<div class=\"elementor-field-type-text elementor-field-group elementor-column elementor-field-group-name elementor-col-100\">\n\t\t\t\t\t\t\t\t\t\t\t\t<label for=\"form-field-name\" class=\"elementor-field-label elementor-screen-only\">\n\t\t\t\t\t\t\t\tNom\t\t\t\t\t\t\t<\/label>\n\t\t\t\t\t\t\t\t\t\t\t\t\t\t<input size=\"1\" type=\"text\" name=\"form_fields[name]\" id=\"form-field-name\" class=\"elementor-field elementor-size-sm  elementor-field-textual\" placeholder=\"Nom\">\n\t\t\t\t\t\t\t\t\t\t\t<\/div>\n\t\t\t\t\t\t\t\t<div class=\"elementor-field-type-email elementor-field-group elementor-column elementor-field-group-email elementor-col-100 elementor-field-required\">\n\t\t\t\t\t\t\t\t\t\t\t\t<label for=\"form-field-email\" class=\"elementor-field-label elementor-screen-only\">\n\t\t\t\t\t\t\t\tCorreu electr\u00f2nic\t\t\t\t\t\t\t<\/label>\n\t\t\t\t\t\t\t\t\t\t\t\t\t\t<input size=\"1\" type=\"email\" name=\"form_fields[email]\" id=\"form-field-email\" class=\"elementor-field elementor-size-sm  elementor-field-textual\" placeholder=\"Correu electr\u00f2nic\" required=\"required\">\n\t\t\t\t\t\t\t\t\t\t\t<\/div>\n\t\t\t\t\t\t\t\t<div class=\"elementor-field-type-text elementor-field-group elementor-column elementor-field-group-field_ff14c7e elementor-col-100\">\n\t\t\t\t\t\t\t\t\t\t\t\t<label for=\"form-field-field_ff14c7e\" class=\"elementor-field-label elementor-screen-only\">\n\t\t\t\t\t\t\t\tTel\u00e8fon\t\t\t\t\t\t\t<\/label>\n\t\t\t\t\t\t\t\t\t\t\t\t\t\t<input size=\"1\" type=\"text\" name=\"form_fields[field_ff14c7e]\" id=\"form-field-field_ff14c7e\" class=\"elementor-field elementor-size-sm  elementor-field-textual\" placeholder=\"Tel\u00e8fon\">\n\t\t\t\t\t\t\t\t\t\t\t<\/div>\n\t\t\t\t\t\t\t\t<div class=\"elementor-field-type-textarea elementor-field-group elementor-column elementor-field-group-message elementor-col-100\">\n\t\t\t\t\t\t\t\t\t\t\t\t<label for=\"form-field-message\" class=\"elementor-field-label elementor-screen-only\">\n\t\t\t\t\t\t\t\tMissatge\t\t\t\t\t\t\t<\/label>\n\t\t\t\t\t\t<textarea class=\"elementor-field-textual elementor-field  elementor-size-sm\" name=\"form_fields[message]\" id=\"form-field-message\" rows=\"4\" placeholder=\"Missatge\"><\/textarea>\t\t\t\t<\/div>\n\t\t\t\t\t\t\t\t<div class=\"elementor-field-type-hidden elementor-field-group elementor-column elementor-field-group-field_5608bd3 elementor-col-100\">\n\t\t\t\t\t\t\t\t\t\t\t\t\t<input size=\"1\" type=\"hidden\" name=\"form_fields[field_5608bd3]\" id=\"form-field-field_5608bd3\" class=\"elementor-field elementor-size-sm  elementor-field-textual\">\n\t\t\t\t\t\t\t\t\t\t\t<\/div>\n\t\t\t\t\t\t\t\t<div class=\"elementor-field-type-text\">\n\t\t\t\t\t<input size=\"1\" type=\"text\" name=\"form_fields[field_52b5aec]\" id=\"form-field-field_52b5aec\" class=\"elementor-field elementor-size-sm \" style=\"display:none !important;\">\t\t\t\t<\/div>\n\t\t\t\t\t\t\t\t<div class=\"elementor-field-type-recaptcha_v3 elementor-field-group elementor-column elementor-field-group-field_68a8e4d elementor-col-100 recaptcha_v3-bottomright\">\n\t\t\t\t\t<div class=\"elementor-field\" id=\"form-field-field_68a8e4d\"><div class=\"elementor-g-recaptcha\" data-sitekey=\"6LdjLKIpAAAAAFuHPkpc6lZIfXU0KtYZZZJLS22h\" data-type=\"v3\" data-action=\"Form\" data-badge=\"bottomright\" data-size=\"invisible\"><\/div><\/div>\t\t\t\t<\/div>\n\t\t\t\t\t\t\t\t<div class=\"elementor-field-group elementor-column elementor-field-type-submit elementor-col-100 e-form__buttons\">\n\t\t\t\t\t<button class=\"elementor-button elementor-size-sm\" type=\"submit\">\n\t\t\t\t\t\t<span class=\"elementor-button-content-wrapper\">\n\t\t\t\t\t\t\t\t\t\t\t\t\t\t\t\t\t\t\t\t\t\t<span class=\"elementor-button-text\">Enviar<\/span>\n\t\t\t\t\t\t\t\t\t\t\t\t\t<\/span>\n\t\t\t\t\t<\/button>\n\t\t\t\t<\/div>\n\t\t\t<\/div>\n\t\t<\/form>\n\t\t\t\t\t\t<\/div>\n\t\t\t\t<\/div>\n\t\t\t\t\t<\/div>\n\t\t\t\t<\/div>\n\t\t\t\t<\/div>\n\t\t","protected":false},"excerpt":{"rendered":"<p>CURSOS I TALLERS En aquest apartat trobar\u00e0s cursos i tallers adre\u00e7ats a qualsevol persona a qui interessi el Fengshui i l&#8217;Astrologia Xinesa (4 Pilars). Tots ells, amb consells pr\u00e0ctics. Tamb\u00e9 ofereixo formaci\u00f3 a nivell professional (clica sobre els t\u00edtols per a m\u00e9s informaci\u00f3): \u2013\u00a0Curso profesional de Feng Shui Cl\u00e1sico a distancia. \u2013\u00a0Curso profesional de 4 [&hellip;]<\/p>\n","protected":false},"author":1,"featured_media":0,"parent":0,"menu_order":0,"comment_status":"closed","ping_status":"closed","template":"","meta":{"footnotes":""},"class_list":["post-1172","page","type-page","status-publish","hentry"],"yoast_head":"<!-- This site is optimized with the Yoast SEO plugin v24.7 - https:\/\/yoast.com\/wordpress\/plugins\/seo\/ -->\n<title>Newsletters - Montse Millian - Bienestar personal<\/title>\n<meta name=\"robots\" content=\"index, follow, max-snippet:-1, max-image-preview:large, max-video-preview:-1\" \/>\n<link rel=\"canonical\" href=\"https:\/\/montsemilian.com\/ca\/newsletters\/\" \/>\n<meta property=\"og:locale\" content=\"ca_ES\" \/>\n<meta property=\"og:type\" content=\"article\" \/>\n<meta property=\"og:title\" content=\"Newsletters - Montse Millian - Bienestar personal\" \/>\n<meta property=\"og:description\" content=\"CURSOS I TALLERS En aquest apartat trobar\u00e0s cursos i tallers adre\u00e7ats a qualsevol persona a qui interessi el Fengshui i l&#8217;Astrologia Xinesa (4 Pilars). Tots ells, amb consells pr\u00e0ctics. Tamb\u00e9 ofereixo formaci\u00f3 a nivell professional (clica sobre els t\u00edtols per a m\u00e9s informaci\u00f3): \u2013\u00a0Curso profesional de Feng Shui Cl\u00e1sico a distancia. \u2013\u00a0Curso profesional de 4 [&hellip;]\" \/>\n<meta property=\"og:url\" content=\"https:\/\/montsemilian.com\/ca\/newsletters\/\" \/>\n<meta property=\"og:site_name\" content=\"Montse Millian - Bienestar personal\" \/>\n<meta property=\"article:modified_time\" content=\"2026-04-09T09:59:18+00:00\" \/>\n<meta property=\"og:image\" content=\"https:\/\/montsemilian.com\/wp-content\/uploads\/2025\/06\/Presentacio-estudi-1-1024x683.png\" \/>\n\t<meta property=\"og:image:width\" content=\"1024\" \/>\n\t<meta property=\"og:image:height\" content=\"683\" \/>\n\t<meta property=\"og:image:type\" content=\"image\/png\" \/>\n<meta name=\"twitter:card\" content=\"summary_large_image\" \/>\n<meta name=\"twitter:label1\" content=\"Temps estimat de lectura\" \/>\n\t<meta name=\"twitter:data1\" content=\"2 minuts\" \/>\n<script type=\"application\/ld+json\" class=\"yoast-schema-graph\">{\"@context\":\"https:\/\/schema.org\",\"@graph\":[{\"@type\":\"WebPage\",\"@id\":\"https:\/\/montsemilian.com\/ca\/newsletters\/\",\"url\":\"https:\/\/montsemilian.com\/ca\/newsletters\/\",\"name\":\"Newsletters - Montse Millian - Bienestar personal\",\"isPartOf\":{\"@id\":\"https:\/\/montsemilian.com\/ca\/#website\"},\"primaryImageOfPage\":{\"@id\":\"https:\/\/montsemilian.com\/ca\/newsletters\/#primaryimage\"},\"image\":{\"@id\":\"https:\/\/montsemilian.com\/ca\/newsletters\/#primaryimage\"},\"thumbnailUrl\":\"http:\/\/montsemilian.com\/wp-content\/uploads\/2025\/06\/Presentacio-estudi-1-1024x683.png\",\"datePublished\":\"2024-07-14T14:25:12+00:00\",\"dateModified\":\"2026-04-09T09:59:18+00:00\",\"breadcrumb\":{\"@id\":\"https:\/\/montsemilian.com\/ca\/newsletters\/#breadcrumb\"},\"inLanguage\":\"ca\",\"potentialAction\":[{\"@type\":\"ReadAction\",\"target\":[\"https:\/\/montsemilian.com\/ca\/newsletters\/\"]}]},{\"@type\":\"ImageObject\",\"inLanguage\":\"ca\",\"@id\":\"https:\/\/montsemilian.com\/ca\/newsletters\/#primaryimage\",\"url\":\"http:\/\/montsemilian.com\/wp-content\/uploads\/2025\/06\/Presentacio-estudi-1-1024x683.png\",\"contentUrl\":\"http:\/\/montsemilian.com\/wp-content\/uploads\/2025\/06\/Presentacio-estudi-1-1024x683.png\"},{\"@type\":\"BreadcrumbList\",\"@id\":\"https:\/\/montsemilian.com\/ca\/newsletters\/#breadcrumb\",\"itemListElement\":[{\"@type\":\"ListItem\",\"position\":1,\"name\":\"Portada\",\"item\":\"https:\/\/montsemilian.com\/ca\/\"},{\"@type\":\"ListItem\",\"position\":2,\"name\":\"Newsletters\"}]},{\"@type\":\"WebSite\",\"@id\":\"https:\/\/montsemilian.com\/ca\/#website\",\"url\":\"https:\/\/montsemilian.com\/ca\/\",\"name\":\"Montse Millian - Feng shui y 4 pilares para el bienestar\",\"description\":\"Ayudo a l Bienestar con Feng Shui, Astrolog\u00eda y Coaching\",\"publisher\":{\"@id\":\"https:\/\/montsemilian.com\/ca\/#organization\"},\"potentialAction\":[{\"@type\":\"SearchAction\",\"target\":{\"@type\":\"EntryPoint\",\"urlTemplate\":\"https:\/\/montsemilian.com\/ca\/?s={search_term_string}\"},\"query-input\":{\"@type\":\"PropertyValueSpecification\",\"valueRequired\":true,\"valueName\":\"search_term_string\"}}],\"inLanguage\":\"ca\"},{\"@type\":\"Organization\",\"@id\":\"https:\/\/montsemilian.com\/ca\/#organization\",\"name\":\"Montse Millian - Feng Shui i Crecimiento personal\",\"url\":\"https:\/\/montsemilian.com\/ca\/\",\"logo\":{\"@type\":\"ImageObject\",\"inLanguage\":\"ca\",\"@id\":\"https:\/\/montsemilian.com\/ca\/#\/schema\/logo\/image\/\",\"url\":\"https:\/\/montsemilian.com\/wp-content\/uploads\/2023\/10\/logo-montse-millian.jpg\",\"contentUrl\":\"https:\/\/montsemilian.com\/wp-content\/uploads\/2023\/10\/logo-montse-millian.jpg\",\"width\":600,\"height\":198,\"caption\":\"Montse Millian - Feng Shui i Crecimiento personal\"},\"image\":{\"@id\":\"https:\/\/montsemilian.com\/ca\/#\/schema\/logo\/image\/\"}}]}<\/script>\n<!-- \/ Yoast SEO plugin. -->","yoast_head_json":{"title":"Newsletters - Montse Millian - Bienestar personal","robots":{"index":"index","follow":"follow","max-snippet":"max-snippet:-1","max-image-preview":"max-image-preview:large","max-video-preview":"max-video-preview:-1"},"canonical":"https:\/\/montsemilian.com\/ca\/newsletters\/","og_locale":"ca_ES","og_type":"article","og_title":"Newsletters - Montse Millian - Bienestar personal","og_description":"CURSOS I TALLERS En aquest apartat trobar\u00e0s cursos i tallers adre\u00e7ats a qualsevol persona a qui interessi el Fengshui i l&#8217;Astrologia Xinesa (4 Pilars). Tots ells, amb consells pr\u00e0ctics. Tamb\u00e9 ofereixo formaci\u00f3 a nivell professional (clica sobre els t\u00edtols per a m\u00e9s informaci\u00f3): \u2013\u00a0Curso profesional de Feng Shui Cl\u00e1sico a distancia. \u2013\u00a0Curso profesional de 4 [&hellip;]","og_url":"https:\/\/montsemilian.com\/ca\/newsletters\/","og_site_name":"Montse Millian - Bienestar personal","article_modified_time":"2026-04-09T09:59:18+00:00","og_image":[{"width":1024,"height":683,"url":"https:\/\/montsemilian.com\/wp-content\/uploads\/2025\/06\/Presentacio-estudi-1-1024x683.png","type":"image\/png"}],"twitter_card":"summary_large_image","twitter_misc":{"Temps estimat de lectura":"2 minuts"},"schema":{"@context":"https:\/\/schema.org","@graph":[{"@type":"WebPage","@id":"https:\/\/montsemilian.com\/ca\/newsletters\/","url":"https:\/\/montsemilian.com\/ca\/newsletters\/","name":"Newsletters - Montse Millian - Bienestar personal","isPartOf":{"@id":"https:\/\/montsemilian.com\/ca\/#website"},"primaryImageOfPage":{"@id":"https:\/\/montsemilian.com\/ca\/newsletters\/#primaryimage"},"image":{"@id":"https:\/\/montsemilian.com\/ca\/newsletters\/#primaryimage"},"thumbnailUrl":"http:\/\/montsemilian.com\/wp-content\/uploads\/2025\/06\/Presentacio-estudi-1-1024x683.png","datePublished":"2024-07-14T14:25:12+00:00","dateModified":"2026-04-09T09:59:18+00:00","breadcrumb":{"@id":"https:\/\/montsemilian.com\/ca\/newsletters\/#breadcrumb"},"inLanguage":"ca","potentialAction":[{"@type":"ReadAction","target":["https:\/\/montsemilian.com\/ca\/newsletters\/"]}]},{"@type":"ImageObject","inLanguage":"ca","@id":"https:\/\/montsemilian.com\/ca\/newsletters\/#primaryimage","url":"http:\/\/montsemilian.com\/wp-content\/uploads\/2025\/06\/Presentacio-estudi-1-1024x683.png","contentUrl":"http:\/\/montsemilian.com\/wp-content\/uploads\/2025\/06\/Presentacio-estudi-1-1024x683.png"},{"@type":"BreadcrumbList","@id":"https:\/\/montsemilian.com\/ca\/newsletters\/#breadcrumb","itemListElement":[{"@type":"ListItem","position":1,"name":"Portada","item":"https:\/\/montsemilian.com\/ca\/"},{"@type":"ListItem","position":2,"name":"Newsletters"}]},{"@type":"WebSite","@id":"https:\/\/montsemilian.com\/ca\/#website","url":"https:\/\/montsemilian.com\/ca\/","name":"Montse Millian - Feng shui y 4 pilares para el bienestar","description":"Ayudo a l Bienestar con Feng Shui, Astrolog\u00eda y Coaching","publisher":{"@id":"https:\/\/montsemilian.com\/ca\/#organization"},"potentialAction":[{"@type":"SearchAction","target":{"@type":"EntryPoint","urlTemplate":"https:\/\/montsemilian.com\/ca\/?s={search_term_string}"},"query-input":{"@type":"PropertyValueSpecification","valueRequired":true,"valueName":"search_term_string"}}],"inLanguage":"ca"},{"@type":"Organization","@id":"https:\/\/montsemilian.com\/ca\/#organization","name":"Montse Millian - Feng Shui i Crecimiento personal","url":"https:\/\/montsemilian.com\/ca\/","logo":{"@type":"ImageObject","inLanguage":"ca","@id":"https:\/\/montsemilian.com\/ca\/#\/schema\/logo\/image\/","url":"https:\/\/montsemilian.com\/wp-content\/uploads\/2023\/10\/logo-montse-millian.jpg","contentUrl":"https:\/\/montsemilian.com\/wp-content\/uploads\/2023\/10\/logo-montse-millian.jpg","width":600,"height":198,"caption":"Montse Millian - Feng Shui i Crecimiento personal"},"image":{"@id":"https:\/\/montsemilian.com\/ca\/#\/schema\/logo\/image\/"}}]}},"_links":{"self":[{"href":"https:\/\/montsemilian.com\/ca\/wp-json\/wp\/v2\/pages\/1172","targetHints":{"allow":["GET"]}}],"collection":[{"href":"https:\/\/montsemilian.com\/ca\/wp-json\/wp\/v2\/pages"}],"about":[{"href":"https:\/\/montsemilian.com\/ca\/wp-json\/wp\/v2\/types\/page"}],"author":[{"embeddable":true,"href":"https:\/\/montsemilian.com\/ca\/wp-json\/wp\/v2\/users\/1"}],"replies":[{"embeddable":true,"href":"https:\/\/montsemilian.com\/ca\/wp-json\/wp\/v2\/comments?post=1172"}],"version-history":[{"count":205,"href":"https:\/\/montsemilian.com\/ca\/wp-json\/wp\/v2\/pages\/1172\/revisions"}],"predecessor-version":[{"id":2483,"href":"https:\/\/montsemilian.com\/ca\/wp-json\/wp\/v2\/pages\/1172\/revisions\/2483"}],"wp:attachment":[{"href":"https:\/\/montsemilian.com\/ca\/wp-json\/wp\/v2\/media?parent=1172"}],"curies":[{"name":"wp","href":"https:\/\/api.w.org\/{rel}","templated":true}]}}